{"id":1338,"date":"2024-12-20T16:17:07","date_gmt":"2024-12-20T16:17:07","guid":{"rendered":"https:\/\/ymbitconsulting.com\/join-us\/"},"modified":"2024-12-22T11:44:53","modified_gmt":"2024-12-22T11:44:53","slug":"join-us","status":"publish","type":"page","link":"https:\/\/ymbitconsulting.com\/fr\/join-us\/","title":{"rendered":"Rejoignez Notre \u00c9quipe"},"content":{"rendered":"<p>Chez Youth Minded Business IT Consulting, nous nous d\u00e9veloppons rapidement et sommes toujours \u00e0 la recherche d\u2019experts passionn\u00e9s et comp\u00e9tents pour rejoindre notre \u00e9quipe. <\/p>\n\n\n\n<p>Si l\u2019innovation vous motive et que vous avez envie de faire la diff\u00e9rence, nous serions ravis de vous entendre !<\/p>\n\n\n\n<p class=\"has-base-background-color has-background\">Envoyez-nous votre CV \u00e0 hr@ymbitconsulting.com, et nous vous contacterons si un poste correspondant se lib\u00e8re.<\/p>\n\n\n\n<p><\/p>","protected":false},"excerpt":{"rendered":"<p>At Youth Minded Business IT Consulting, we\u2019re growing quickly and always seeking passionate, skilled experts to join our team. If you\u2019re motivated by innovation and eager to make a difference, we\u2019d love to hear from you! Send us your CV to hr@ymbitconsulting.com, and we\u2019ll reach out if a suitable role becomes available.<\/p>","protected":false},"author":1,"featured_media":0,"parent":0,"menu_order":0,"comment_status":"closed","ping_status":"closed","template":"","meta":{"_uag_custom_page_level_css":"","footnotes":""},"class_list":["post-1338","page","type-page","status-publish","hentry"],"aioseo_notices":[],"uagb_featured_image_src":{"full":false,"thumbnail":false,"medium":false,"medium_large":false,"large":false,"1536x1536":false,"2048x2048":false,"trp-custom-language-flag":false},"uagb_author_info":{"display_name":"ymbfrdz@outlook.com","author_link":"https:\/\/ymbitconsulting.com\/fr\/author\/ymbfrdzoutlook-com\/"},"uagb_comment_info":0,"uagb_excerpt":"At Youth Minded Business IT Consulting, we\u2019re growing quickly and always seeking passionate, skilled experts to join our team. If you\u2019re motivated by innovation and eager to make a difference, we\u2019d love to hear from you! Send us your CV to hr@ymbitconsulting.com, and we\u2019ll reach out if a suitable role becomes available.","_links":{"self":[{"href":"https:\/\/ymbitconsulting.com\/fr\/wp-json\/wp\/v2\/pages\/1338","targetHints":{"allow":["GET"]}}],"collection":[{"href":"https:\/\/ymbitconsulting.com\/fr\/wp-json\/wp\/v2\/pages"}],"about":[{"href":"https:\/\/ymbitconsulting.com\/fr\/wp-json\/wp\/v2\/types\/page"}],"author":[{"embeddable":true,"href":"https:\/\/ymbitconsulting.com\/fr\/wp-json\/wp\/v2\/users\/1"}],"replies":[{"embeddable":true,"href":"https:\/\/ymbitconsulting.com\/fr\/wp-json\/wp\/v2\/comments?post=1338"}],"version-history":[{"count":5,"href":"https:\/\/ymbitconsulting.com\/fr\/wp-json\/wp\/v2\/pages\/1338\/revisions"}],"predecessor-version":[{"id":1574,"href":"https:\/\/ymbitconsulting.com\/fr\/wp-json\/wp\/v2\/pages\/1338\/revisions\/1574"}],"wp:attachment":[{"href":"https:\/\/ymbitconsulting.com\/fr\/wp-json\/wp\/v2\/media?parent=1338"}],"curies":[{"name":"wp","href":"https:\/\/api.w.org\/{rel}","templated":true}]}}