{"id":1336,"date":"2024-12-20T16:15:54","date_gmt":"2024-12-20T16:15:54","guid":{"rendered":"https:\/\/ymbitconsulting.com\/services\/"},"modified":"2024-12-22T11:30:39","modified_gmt":"2024-12-22T11:30:39","slug":"services","status":"publish","type":"page","link":"https:\/\/ymbitconsulting.com\/fr\/services\/","title":{"rendered":"Services"},"content":{"rendered":"<h2 class=\"wp-block-heading\">Notre expertise couvre l'ensemble des services IT et de cyber s\u00e9curit\u00e9 pour r\u00e9pondre \u00e0 vos besoins.<\/h2>\n\n\n\n<figure class=\"wp-block-image size-large\"><img loading=\"lazy\" decoding=\"async\" width=\"1024\" height=\"512\" src=\"https:\/\/ymbitconsulting.com\/wp-content\/uploads\/2024\/12\/1-serv.png\" alt=\"\" class=\"wp-image-1516\" srcset=\"https:\/\/ymbitconsulting.com\/wp-content\/uploads\/2024\/12\/1-serv.png 6912w, https:\/\/ymbitconsulting.com\/wp-content\/uploads\/2024\/12\/1-serv-300x150.png 300w, https:\/\/ymbitconsulting.com\/wp-content\/uploads\/2024\/12\/1-serv-1024x512.png 1024w, https:\/\/ymbitconsulting.com\/wp-content\/uploads\/2024\/12\/1-serv-768x384.png 768w, https:\/\/ymbitconsulting.com\/wp-content\/uploads\/2024\/12\/1-serv-1536x768.png 1536w, https:\/\/ymbitconsulting.com\/wp-content\/uploads\/2024\/12\/1-serv-2048x1024.png 2048w, https:\/\/ymbitconsulting.com\/wp-content\/uploads\/2024\/12\/1-serv-18x9.png 18w\" sizes=\"auto, (max-width: 1024px) 100vw, 1024px\" \/><\/figure>\n\n\n\n<p><\/p>\n\n\n\n<figure class=\"wp-block-image size-large\"><img loading=\"lazy\" decoding=\"async\" width=\"1024\" height=\"512\" src=\"https:\/\/ymbitconsulting.com\/wp-content\/uploads\/2024\/12\/2-serv.png\" alt=\"\" class=\"wp-image-1521\" srcset=\"https:\/\/ymbitconsulting.com\/wp-content\/uploads\/2024\/12\/2-serv.png 6912w, https:\/\/ymbitconsulting.com\/wp-content\/uploads\/2024\/12\/2-serv-300x150.png 300w, https:\/\/ymbitconsulting.com\/wp-content\/uploads\/2024\/12\/2-serv-1024x512.png 1024w, https:\/\/ymbitconsulting.com\/wp-content\/uploads\/2024\/12\/2-serv-768x384.png 768w, https:\/\/ymbitconsulting.com\/wp-content\/uploads\/2024\/12\/2-serv-1536x768.png 1536w, https:\/\/ymbitconsulting.com\/wp-content\/uploads\/2024\/12\/2-serv-2048x1024.png 2048w, https:\/\/ymbitconsulting.com\/wp-content\/uploads\/2024\/12\/2-serv-18x9.png 18w\" sizes=\"auto, (max-width: 1024px) 100vw, 1024px\" \/><\/figure>\n\n\n\n<p><\/p>\n\n\n\n<figure class=\"wp-block-image size-large\"><img loading=\"lazy\" decoding=\"async\" width=\"6912\" height=\"3456\" src=\"https:\/\/ymbitconsulting.com\/wp-content\/uploads\/2024\/12\/3-serv.png\" alt=\"\" class=\"wp-image-1517\" srcset=\"https:\/\/ymbitconsulting.com\/wp-content\/uploads\/2024\/12\/3-serv.png 6912w, https:\/\/ymbitconsulting.com\/wp-content\/uploads\/2024\/12\/3-serv-300x150.png 300w, https:\/\/ymbitconsulting.com\/wp-content\/uploads\/2024\/12\/3-serv-1024x512.png 1024w, https:\/\/ymbitconsulting.com\/wp-content\/uploads\/2024\/12\/3-serv-768x384.png 768w, https:\/\/ymbitconsulting.com\/wp-content\/uploads\/2024\/12\/3-serv-1536x768.png 1536w, https:\/\/ymbitconsulting.com\/wp-content\/uploads\/2024\/12\/3-serv-2048x1024.png 2048w, https:\/\/ymbitconsulting.com\/wp-content\/uploads\/2024\/12\/3-serv-18x9.png 18w\" sizes=\"auto, (max-width: 6912px) 100vw, 6912px\" \/><\/figure>\n\n\n\n<p><\/p>\n\n\n\n<figure class=\"wp-block-image size-large\"><img loading=\"lazy\" decoding=\"async\" width=\"1024\" height=\"512\" src=\"https:\/\/ymbitconsulting.com\/wp-content\/uploads\/2024\/12\/5-1-1024x512.png\" alt=\"\" class=\"wp-image-1520\" srcset=\"https:\/\/ymbitconsulting.com\/wp-content\/uploads\/2024\/12\/5-1-1024x512.png 1024w, https:\/\/ymbitconsulting.com\/wp-content\/uploads\/2024\/12\/5-1-300x150.png 300w, https:\/\/ymbitconsulting.com\/wp-content\/uploads\/2024\/12\/5-1-768x384.png 768w, https:\/\/ymbitconsulting.com\/wp-content\/uploads\/2024\/12\/5-1-1536x768.png 1536w, https:\/\/ymbitconsulting.com\/wp-content\/uploads\/2024\/12\/5-1-2048x1024.png 2048w\" sizes=\"auto, (max-width: 1024px) 100vw, 1024px\" \/><\/figure>\n\n\n\n<p><\/p>\n\n\n\n<figure class=\"wp-block-image size-large\"><img loading=\"lazy\" decoding=\"async\" width=\"1024\" height=\"512\" src=\"https:\/\/ymbitconsulting.com\/wp-content\/uploads\/2024\/12\/5-serv.png\" alt=\"\" class=\"wp-image-1518\" srcset=\"https:\/\/ymbitconsulting.com\/wp-content\/uploads\/2024\/12\/5-serv.png 6912w, https:\/\/ymbitconsulting.com\/wp-content\/uploads\/2024\/12\/5-serv-300x150.png 300w, https:\/\/ymbitconsulting.com\/wp-content\/uploads\/2024\/12\/5-serv-1024x512.png 1024w, https:\/\/ymbitconsulting.com\/wp-content\/uploads\/2024\/12\/5-serv-768x384.png 768w, https:\/\/ymbitconsulting.com\/wp-content\/uploads\/2024\/12\/5-serv-1536x768.png 1536w, https:\/\/ymbitconsulting.com\/wp-content\/uploads\/2024\/12\/5-serv-2048x1024.png 2048w, https:\/\/ymbitconsulting.com\/wp-content\/uploads\/2024\/12\/5-serv-18x9.png 18w\" sizes=\"auto, (max-width: 1024px) 100vw, 1024px\" \/><\/figure>\n\n\n\n<p><\/p>\n\n\n\n<figure class=\"wp-block-image size-large\"><img loading=\"lazy\" decoding=\"async\" width=\"1024\" height=\"512\" src=\"https:\/\/ymbitconsulting.com\/wp-content\/uploads\/2024\/12\/6-serv.png\" alt=\"\" class=\"wp-image-1519\" srcset=\"https:\/\/ymbitconsulting.com\/wp-content\/uploads\/2024\/12\/6-serv.png 6912w, https:\/\/ymbitconsulting.com\/wp-content\/uploads\/2024\/12\/6-serv-300x150.png 300w, https:\/\/ymbitconsulting.com\/wp-content\/uploads\/2024\/12\/6-serv-1024x512.png 1024w, https:\/\/ymbitconsulting.com\/wp-content\/uploads\/2024\/12\/6-serv-768x384.png 768w, https:\/\/ymbitconsulting.com\/wp-content\/uploads\/2024\/12\/6-serv-1536x768.png 1536w, https:\/\/ymbitconsulting.com\/wp-content\/uploads\/2024\/12\/6-serv-2048x1024.png 2048w, https:\/\/ymbitconsulting.com\/wp-content\/uploads\/2024\/12\/6-serv-18x9.png 18w\" sizes=\"auto, (max-width: 1024px) 100vw, 1024px\" \/><\/figure>\n\n\n\n<p><\/p>\n\n\n\n<p><\/p>","protected":false},"excerpt":{"rendered":"<p>Notre expertise couvre l'ensemble des services IT et de cyber s\u00e9curit\u00e9 pour r\u00e9pondre \u00e0 vos besoins.<\/p>","protected":false},"author":1,"featured_media":0,"parent":0,"menu_order":0,"comment_status":"closed","ping_status":"closed","template":"","meta":{"_uag_custom_page_level_css":"","footnotes":""},"class_list":["post-1336","page","type-page","status-publish","hentry"],"aioseo_notices":[],"uagb_featured_image_src":{"full":false,"thumbnail":false,"medium":false,"medium_large":false,"large":false,"1536x1536":false,"2048x2048":false,"trp-custom-language-flag":false},"uagb_author_info":{"display_name":"ymbfrdz@outlook.com","author_link":"https:\/\/ymbitconsulting.com\/fr\/author\/ymbfrdzoutlook-com\/"},"uagb_comment_info":0,"uagb_excerpt":"Our expertise covers a full range of IT and cybersecurity services to meet your needs.","_links":{"self":[{"href":"https:\/\/ymbitconsulting.com\/fr\/wp-json\/wp\/v2\/pages\/1336","targetHints":{"allow":["GET"]}}],"collection":[{"href":"https:\/\/ymbitconsulting.com\/fr\/wp-json\/wp\/v2\/pages"}],"about":[{"href":"https:\/\/ymbitconsulting.com\/fr\/wp-json\/wp\/v2\/types\/page"}],"author":[{"embeddable":true,"href":"https:\/\/ymbitconsulting.com\/fr\/wp-json\/wp\/v2\/users\/1"}],"replies":[{"embeddable":true,"href":"https:\/\/ymbitconsulting.com\/fr\/wp-json\/wp\/v2\/comments?post=1336"}],"version-history":[{"count":35,"href":"https:\/\/ymbitconsulting.com\/fr\/wp-json\/wp\/v2\/pages\/1336\/revisions"}],"predecessor-version":[{"id":1559,"href":"https:\/\/ymbitconsulting.com\/fr\/wp-json\/wp\/v2\/pages\/1336\/revisions\/1559"}],"wp:attachment":[{"href":"https:\/\/ymbitconsulting.com\/fr\/wp-json\/wp\/v2\/media?parent=1336"}],"curies":[{"name":"wp","href":"https:\/\/api.w.org\/{rel}","templated":true}]}}